{"id":67,"date":"2015-11-03T16:11:51","date_gmt":"2015-11-03T16:11:51","guid":{"rendered":"http:\/\/localhost\/devel\/monoparlante\/yukay\/wp\/?page_id=67"},"modified":"2015-11-30T22:18:54","modified_gmt":"2015-11-30T22:18:54","slug":"bing","status":"publish","type":"page","link":"https:\/\/yucay.cl\/en\/products\/bing\/","title":{"rendered":"BING"},"content":{"rendered":"<h2 class=\"light\"><span style=\"color: #000000;\">Bing<\/span><\/h2>\n<p><span style=\"color: #000000;\">Fecha de cosecha: <strong>27 d\u00edas despu\u00e9s de Early Burlat (VII Regi\u00f3n, Chile)<\/strong><\/span><br \/>\n<br \/>\n<span style=\"color: #000000; line-height: 1.5;\">Calibre Frecuente: <strong>XL (24-25.9mm) &#8211; J (26-27.9mm)<\/strong><\/span><br \/>\n<br \/>\n<span style=\"color: #000000; line-height: 1.5;\">Forma: <\/span><strong style=\"color: #000000; line-height: 1.5;\">Redonda<\/strong><br \/>\n<br \/>\n<span style=\"color: #000000; line-height: 1.5;\">Pulpa: <\/span><strong style=\"color: #000000; line-height: 1.5;\">Rojo oscuro, dulce ,firme y crujiente.<\/strong><br \/>\n<br \/>\n<span style=\"color: #000000; line-height: 1.5;\">Vida postcosecha:\u00a0<strong>Mediana.<\/strong><\/span><br \/>\n<br \/>\n<span style=\"color: #000000; line-height: 1.5;\">Usos: <\/span><strong style=\"color: #000000; line-height: 1.5;\">Fresco, exportaci\u00f3n<\/strong><\/p>\n<div class=\"clearfix margin_top3\"><\/div>\n<p><a href=\"http:\/\/yucay.cl\/wp-content\/uploads\/2015\/11\/014.jpg\"><img loading=\"lazy\" decoding=\"async\" class=\"alignnone wp-image-315 size-full\" src=\"http:\/\/yucay.cl\/wp-content\/uploads\/2015\/11\/014.jpg\" alt=\"\" width=\"850\" height=\"376\" srcset=\"https:\/\/yucay.cl\/en\/wp-content\/uploads\/2015\/11\/014.jpg 850w, https:\/\/yucay.cl\/en\/wp-content\/uploads\/2015\/11\/014-300x133.jpg 300w\" sizes=\"auto, (max-width: 850px) 100vw, 850px\" \/><\/a><\/p>\n<p>Fundaci\u00f3n para\u00a0el Desarrollo Agr\u00edcola<\/p>\n","protected":false},"excerpt":{"rendered":"<p>Bing Fecha de cosecha: 27 d\u00edas despu\u00e9s de Early Burlat (VII Regi\u00f3n, Chile) Calibre Frecuente: XL (24-25.9mm) &#8211; J (26-27.9mm) Forma: Redonda Pulpa: Rojo oscuro, dulce ,firme y crujiente. Vida postcosecha:\u00a0Mediana. Usos: Fresco, exportaci\u00f3n Fundaci\u00f3n para\u00a0el Desarrollo Agr\u00edcola<\/p>\n","protected":false},"author":1,"featured_media":57,"parent":56,"menu_order":0,"comment_status":"closed","ping_status":"closed","template":"page-con-sidebar-izquierdo-variedades.php","meta":{"footnotes":""},"class_list":["post-67","page","type-page","status-publish","has-post-thumbnail","hentry"],"acf":[],"_links":{"self":[{"href":"https:\/\/yucay.cl\/en\/wp-json\/wp\/v2\/pages\/67","targetHints":{"allow":["GET"]}}],"collection":[{"href":"https:\/\/yucay.cl\/en\/wp-json\/wp\/v2\/pages"}],"about":[{"href":"https:\/\/yucay.cl\/en\/wp-json\/wp\/v2\/types\/page"}],"author":[{"embeddable":true,"href":"https:\/\/yucay.cl\/en\/wp-json\/wp\/v2\/users\/1"}],"replies":[{"embeddable":true,"href":"https:\/\/yucay.cl\/en\/wp-json\/wp\/v2\/comments?post=67"}],"version-history":[{"count":34,"href":"https:\/\/yucay.cl\/en\/wp-json\/wp\/v2\/pages\/67\/revisions"}],"predecessor-version":[{"id":361,"href":"https:\/\/yucay.cl\/en\/wp-json\/wp\/v2\/pages\/67\/revisions\/361"}],"up":[{"embeddable":true,"href":"https:\/\/yucay.cl\/en\/wp-json\/wp\/v2\/pages\/56"}],"wp:featuredmedia":[{"embeddable":true,"href":"https:\/\/yucay.cl\/en\/wp-json\/wp\/v2\/media\/57"}],"wp:attachment":[{"href":"https:\/\/yucay.cl\/en\/wp-json\/wp\/v2\/media?parent=67"}],"curies":[{"name":"wp","href":"https:\/\/api.w.org\/{rel}","templated":true}]}}